{"id":494,"date":"2021-02-15T06:48:24","date_gmt":"2021-02-15T06:48:24","guid":{"rendered":"https:\/\/thelongfrenchrevolution.com\/?page_id=494"},"modified":"2024-10-17T18:20:03","modified_gmt":"2024-10-17T16:20:03","slug":"about","status":"publish","type":"page","link":"https:\/\/thelongfrenchrevolution.com\/?page_id=494","title":{"rendered":"About"},"content":{"rendered":"\t\t<div data-elementor-type=\"wp-page\" data-elementor-id=\"494\" class=\"elementor elementor-494\">\n\t\t\t\t\t\t<section class=\"elementor-section elementor-top-section elementor-element elementor-element-c6943fb elementor-section-boxed elementor-section-height-default elementor-section-height-default\" data-id=\"c6943fb\" data-element_type=\"section\" data-e-type=\"section\" data-settings=\"{&quot;background_background&quot;:&quot;classic&quot;}\">\n\t\t\t\t\t\t<div class=\"elementor-container elementor-column-gap-no\">\n\t\t\t\t\t<div class=\"elementor-column elementor-col-100 elementor-top-column elementor-element elementor-element-fac106b\" data-id=\"fac106b\" data-element_type=\"column\" data-e-type=\"column\">\n\t\t\t<div class=\"elementor-widget-wrap elementor-element-populated\">\n\t\t\t\t\t\t<div class=\"elementor-element elementor-element-5837c6c elementor-widget__width-initial elementor-widget elementor-widget-heading\" data-id=\"5837c6c\" data-element_type=\"widget\" data-e-type=\"widget\" data-widget_type=\"heading.default\">\n\t\t\t\t<div class=\"elementor-widget-container\">\n\t\t\t\t\t<h1 class=\"elementor-heading-title elementor-size-default\">A propos<\/h1>\t\t\t\t<\/div>\n\t\t\t\t<\/div>\n\t\t\t\t\t<\/div>\n\t\t<\/div>\n\t\t\t\t\t<\/div>\n\t\t<\/section>\n\t\t\t\t<section class=\"elementor-section elementor-top-section elementor-element elementor-element-2f04e06 elementor-section-boxed elementor-section-height-default elementor-section-height-default\" data-id=\"2f04e06\" data-element_type=\"section\" data-e-type=\"section\">\n\t\t\t\t\t\t<div class=\"elementor-container elementor-column-gap-default\">\n\t\t\t\t\t<div class=\"elementor-column elementor-col-100 elementor-top-column elementor-element elementor-element-7cf72b6\" data-id=\"7cf72b6\" data-element_type=\"column\" data-e-type=\"column\">\n\t\t\t<div class=\"elementor-widget-wrap elementor-element-populated\">\n\t\t\t\t\t\t<div class=\"elementor-element elementor-element-755461f elementor-widget-divider--view-line elementor-widget elementor-widget-divider\" data-id=\"755461f\" data-element_type=\"widget\" data-e-type=\"widget\" data-widget_type=\"divider.default\">\n\t\t\t\t<div class=\"elementor-widget-container\">\n\t\t\t\t\t\t\t<div class=\"elementor-divider\">\n\t\t\t<span class=\"elementor-divider-separator\">\n\t\t\t\t\t\t<\/span>\n\t\t<\/div>\n\t\t\t\t\t\t<\/div>\n\t\t\t\t<\/div>\n\t\t\t\t\t<\/div>\n\t\t<\/div>\n\t\t\t\t\t<\/div>\n\t\t<\/section>\n\t\t\t\t<section class=\"elementor-section elementor-top-section elementor-element elementor-element-06614e1 elementor-section-boxed elementor-section-height-default elementor-section-height-default\" data-id=\"06614e1\" data-element_type=\"section\" data-e-type=\"section\" data-settings=\"{&quot;background_background&quot;:&quot;classic&quot;}\">\n\t\t\t\t\t\t<div class=\"elementor-container elementor-column-gap-default\">\n\t\t\t\t\t<div class=\"elementor-column elementor-col-100 elementor-top-column elementor-element elementor-element-978f18a\" data-id=\"978f18a\" data-element_type=\"column\" data-e-type=\"column\">\n\t\t\t<div class=\"elementor-widget-wrap elementor-element-populated\">\n\t\t\t\t\t\t<div class=\"elementor-element elementor-element-a7c1c88 elementor-widget elementor-widget-heading\" data-id=\"a7c1c88\" data-element_type=\"widget\" data-e-type=\"widget\" data-widget_type=\"heading.default\">\n\t\t\t\t<div class=\"elementor-widget-container\">\n\t\t\t\t\t<div class=\"elementor-heading-title elementor-size-default\">\u201c<\/div>\t\t\t\t<\/div>\n\t\t\t\t<\/div>\n\t\t\t\t<div class=\"elementor-element elementor-element-2104079 elementor-widget elementor-widget-heading\" data-id=\"2104079\" data-element_type=\"widget\" data-e-type=\"widget\" data-widget_type=\"heading.default\">\n\t\t\t\t<div class=\"elementor-widget-container\">\n\t\t\t\t\t<h3 class=\"elementor-heading-title elementor-size-default\">La r\u00e9volution est une forme du ph\u00e9nom\u00e8ne immanent qui nous presse de toutes parts et que nous appelons la N\u00e9cessit\u00e9. (...) Au-dessus des r\u00e9volutions la v\u00e9rit\u00e9 et la justice demeurent comme le ciel \u00e9toil\u00e9 au-dessus des temp\u00eates.<\/h3>\t\t\t\t<\/div>\n\t\t\t\t<\/div>\n\t\t\t\t<div class=\"elementor-element elementor-element-35968fe e-transform elementor-widget elementor-widget-heading\" data-id=\"35968fe\" data-element_type=\"widget\" data-e-type=\"widget\" data-settings=\"{&quot;_transform_flipX_effect&quot;:&quot;transform&quot;}\" data-widget_type=\"heading.default\">\n\t\t\t\t<div class=\"elementor-widget-container\">\n\t\t\t\t\t<div class=\"elementor-heading-title elementor-size-default\">\u201c<\/div>\t\t\t\t<\/div>\n\t\t\t\t<\/div>\n\t\t\t\t<div class=\"elementor-element elementor-element-cba95bd elementor-widget elementor-widget-heading\" data-id=\"cba95bd\" data-element_type=\"widget\" data-e-type=\"widget\" data-widget_type=\"heading.default\">\n\t\t\t\t<div class=\"elementor-widget-container\">\n\t\t\t\t\t<h4 class=\"elementor-heading-title elementor-size-default\">Victor Hugo<\/h4>\t\t\t\t<\/div>\n\t\t\t\t<\/div>\n\t\t\t\t\t<\/div>\n\t\t<\/div>\n\t\t\t\t\t<\/div>\n\t\t<\/section>\n\t\t\t\t<section class=\"elementor-section elementor-top-section elementor-element elementor-element-8e064b6 elementor-section-boxed elementor-section-height-default elementor-section-height-default\" data-id=\"8e064b6\" data-element_type=\"section\" data-e-type=\"section\" data-settings=\"{&quot;background_background&quot;:&quot;classic&quot;}\">\n\t\t\t\t\t\t<div class=\"elementor-container elementor-column-gap-default\">\n\t\t\t\t\t<div class=\"elementor-column elementor-col-100 elementor-top-column elementor-element elementor-element-0b25704\" data-id=\"0b25704\" data-element_type=\"column\" data-e-type=\"column\" data-settings=\"{&quot;background_background&quot;:&quot;classic&quot;}\">\n\t\t\t<div class=\"elementor-widget-wrap elementor-element-populated\">\n\t\t\t\t\t\t<div class=\"elementor-element elementor-element-202f995 elementor-widget elementor-widget-image\" data-id=\"202f995\" data-element_type=\"widget\" data-e-type=\"widget\" data-widget_type=\"image.default\">\n\t\t\t\t<div class=\"elementor-widget-container\">\n\t\t\t\t\t\t\t\t\t\t\t\t\t\t\t<img decoding=\"async\" width=\"150\" height=\"150\" src=\"https:\/\/thelongfrenchrevolution.com\/wp-content\/uploads\/2023\/11\/cocardea-150x150.jpg\" class=\"attachment-thumbnail size-thumbnail wp-image-1871\" alt=\"\" srcset=\"https:\/\/thelongfrenchrevolution.com\/wp-content\/uploads\/2023\/11\/cocardea-150x150.jpg 150w, https:\/\/thelongfrenchrevolution.com\/wp-content\/uploads\/2023\/11\/cocardea.jpg 276w\" sizes=\"(max-width: 150px) 100vw, 150px\" \/>\t\t\t\t\t\t\t\t\t\t\t\t\t\t\t<\/div>\n\t\t\t\t<\/div>\n\t\t\t\t\t<\/div>\n\t\t<\/div>\n\t\t\t\t\t<\/div>\n\t\t<\/section>\n\t\t\t\t<section class=\"elementor-section elementor-top-section elementor-element elementor-element-d60be6f elementor-section-boxed elementor-section-height-default elementor-section-height-default\" data-id=\"d60be6f\" data-element_type=\"section\" data-e-type=\"section\">\n\t\t\t\t\t\t<div class=\"elementor-container elementor-column-gap-no\">\n\t\t\t\t\t<div class=\"elementor-column elementor-col-100 elementor-top-column elementor-element elementor-element-59a6066\" data-id=\"59a6066\" data-element_type=\"column\" data-e-type=\"column\">\n\t\t\t<div class=\"elementor-widget-wrap elementor-element-populated\">\n\t\t\t\t\t\t<div class=\"elementor-element elementor-element-19ba73d elementor-widget elementor-widget-heading\" data-id=\"19ba73d\" data-element_type=\"widget\" data-e-type=\"widget\" data-widget_type=\"heading.default\">\n\t\t\t\t<div class=\"elementor-widget-container\">\n\t\t\t\t\t<h2 class=\"elementor-heading-title elementor-size-default\">Ce blog est le guide sur la R\u00e9volution fran\u00e7aise que j'aurai aim\u00e9 lire lorsque j'ai commenc\u00e9 \u00e0 m'int\u00e9resser \u00e0 cette p\u00e9riode.\n<br><\/h2>\t\t\t\t<\/div>\n\t\t\t\t<\/div>\n\t\t\t\t<section class=\"elementor-section elementor-inner-section elementor-element elementor-element-46c3439 elementor-section-boxed elementor-section-height-default elementor-section-height-default\" data-id=\"46c3439\" data-element_type=\"section\" data-e-type=\"section\">\n\t\t\t\t\t\t<div class=\"elementor-container elementor-column-gap-no\">\n\t\t\t\t\t<div class=\"elementor-column elementor-col-100 elementor-inner-column elementor-element elementor-element-8fc8beb\" data-id=\"8fc8beb\" data-element_type=\"column\" data-e-type=\"column\">\n\t\t\t<div class=\"elementor-widget-wrap elementor-element-populated\">\n\t\t\t\t\t\t<div class=\"elementor-element elementor-element-ed390ca elementor-widget elementor-widget-text-editor\" data-id=\"ed390ca\" data-element_type=\"widget\" data-e-type=\"widget\" data-widget_type=\"text-editor.default\">\n\t\t\t\t<div class=\"elementor-widget-container\">\n\t\t\t\t\t\t\t\t\t<p class=\"p1\">La R\u00e9volution fran\u00e7aise suscite partout la passion et le plus grand int\u00e9r\u00eat. Toujours d\u2019actualit\u00e9, elle est une grande le\u00e7on d\u2019histoire car ce qui s\u2019est alors produit nous marque profond\u00e9ment aujourd\u2019hui.<\/p><p class=\"p1\">Les \u00e9tudes et les recherches sur cette p\u00e9riode historique se renouvellent constamment. D\u00e9bats et pol\u00e9miques surgissent tr\u00e8s souvent \u00e0 l\u2019occasion de films, de jeux ou de s\u00e9ries qui divisent autant le grand public et que les sp\u00e9cialistes, de la d\u00e9couverte de documents jusque-l\u00e0 ignor\u00e9s ou encore lorsque des chercheurs proposent des interpr\u00e9tations in\u00e9dites.<\/p><p class=\"p1\">J\u2019ai cr\u00e9\u00e9 ce blog pour partager mes connaissances et mon travail. Je souhaite vous faire d\u00e9couvrir des figures aujourd\u2019hui oubli\u00e9es ou tr\u00e8s mal connues, ainsi que de nombreux \u00e9v\u00e9nements qui ont jou\u00e9 un r\u00f4le d\u00e9terminant dans cette p\u00e9riode. On comprend mieux l\u2019immense port\u00e9e de la R\u00e9volution quand on peut enfin tisser des liens entre des faits, des personnes ou m\u00eame des pays qu\u2019on voyait jusqu\u2019ici comme totalement isol\u00e9s les uns des autres. Les mettre en perspective permet de mieux comprendre les enjeux et d\u00e9voile l\u2019origine des positions de chacun. La R\u00e9volution a contribu\u00e9 \u00e0 fa\u00e7onner les soci\u00e9t\u00e9s d\u2019aujourd\u2019hui, souvent agit\u00e9es par les m\u00eames d\u00e9bats. Peu de p\u00e9riodes historiques ont donn\u00e9 lieu \u00e0 autant de l\u00e9gendes et de rumeurs. R\u00e9tablir des v\u00e9rit\u00e9s, revenir sur des informations erron\u00e9es est l\u2019une des t\u00e2ches que je me suis donn\u00e9es.<\/p><p class=\"p1\">Ce blog est aussi un lieu d\u2019\u00e9change\u00a0: avec un sujet pareil, il ne pouvait en \u00eatre autrement.\u00a0N\u2019h\u00e9sitez pas \u00e0 me laisser un commentaire si un article vous int\u00e9resse, \u00e0 me dire si vous voulez que je traite un point en particulier. J\u2019ai h\u00e2te de vous lire.<\/p><p class=\"p3\">POUR MIEUX ME CONNAITRE\u00a0:<\/p><p class=\"p1\">Je travaille depuis 25 ans sur cette \u00e9poque (1750-1850) qui a tout boulevers\u00e9 en France et dans le monde, autant la politique que les v\u00eatements, la fa\u00e7on de parler ou d\u2019\u00e9crire. J\u2019ai soutenu, en 1997, ma th\u00e8se de doctorat \u00e0 l\u2019universit\u00e9 Paris I Panth\u00e9on-Sorbonne sur le m\u00e9decin-philosophe et homme politique de la R\u00e9volution P. J. G. Cabanis (1757-1808). Ce sujet si riche m\u2019a permis de me sp\u00e9cialiser dans plusieurs domaines\u00a0: l\u2019histoire politique, l\u2019histoire des sciences et de la m\u00e9decine en particulier, l\u2019histoire de la philosophie. La grande r\u00e9percussion de l\u2019\u0153uvre de Cabanis \u00e0 l\u2019\u00e9tranger tout au long du XIXe si\u00e8cle m\u2019ont aussi amen\u00e9e \u00e0 travailler sur les \u00e9changes intellectuels et politiques. Je ne cesse d\u2019explorer cette p\u00e9riode sur laquelle j\u2019ai publi\u00e9 un livre\u00a0: <i>Cabanis, comprendre l\u2019homme pour changer le monde<\/i> (Paris, Classiques Garnier, 2016) et de nombreux travaux acad\u00e9miques. Ma connaissance de plusieurs langues, notamment le fran\u00e7ais, l\u2019espagnol et l\u2019anglais, m\u2019a permis d\u2019assurer des cours, des conf\u00e9rences, des s\u00e9minaires dans des universit\u00e9s en France, en Angleterre, en Argentine, en Uruguay. J\u2019ai poursuivi mes recherches au Royaume-Uni et aux \u00c9tats-Unis\u00a0: la R\u00e9volution suscite autant d\u2019int\u00e9r\u00eat en France que dans de nombreux pays o\u00f9 elle a exerc\u00e9 une tr\u00e8s grande influenc<\/p>\t\t\t\t\t\t\t\t<\/div>\n\t\t\t\t<\/div>\n\t\t\t\t\t<\/div>\n\t\t<\/div>\n\t\t\t\t\t<\/div>\n\t\t<\/section>\n\t\t\t\t\t<\/div>\n\t\t<\/div>\n\t\t\t\t\t<\/div>\n\t\t<\/section>\n\t\t\t\t<section class=\"elementor-section elementor-top-section elementor-element elementor-element-44bc07c elementor-section-boxed elementor-section-height-default elementor-section-height-default\" data-id=\"44bc07c\" data-element_type=\"section\" data-e-type=\"section\" data-settings=\"{&quot;background_background&quot;:&quot;classic&quot;}\">\n\t\t\t\t\t\t\t<div class=\"elementor-background-overlay\"><\/div>\n\t\t\t\t\t\t\t<div class=\"elementor-container elementor-column-gap-default\">\n\t\t\t\t\t<div class=\"elementor-column elementor-col-100 elementor-top-column elementor-element elementor-element-6586cf3\" data-id=\"6586cf3\" data-element_type=\"column\" data-e-type=\"column\">\n\t\t\t<div class=\"elementor-widget-wrap elementor-element-populated\">\n\t\t\t\t\t<div class=\"elementor-background-overlay\"><\/div>\n\t\t\t\t\t\t<div class=\"elementor-element elementor-element-5fb1f42 elementor-widget elementor-widget-heading\" data-id=\"5fb1f42\" data-element_type=\"widget\" data-e-type=\"widget\" data-widget_type=\"heading.default\">\n\t\t\t\t<div class=\"elementor-widget-container\">\n\t\t\t\t\t<div class=\"elementor-heading-title elementor-size-default\">\u201c<\/div>\t\t\t\t<\/div>\n\t\t\t\t<\/div>\n\t\t\t\t<div class=\"elementor-element elementor-element-425840f elementor-widget elementor-widget-heading\" data-id=\"425840f\" data-element_type=\"widget\" data-e-type=\"widget\" data-widget_type=\"heading.default\">\n\t\t\t\t<div class=\"elementor-widget-container\">\n\t\t\t\t\t<h2 class=\"elementor-heading-title elementor-size-default\">La r\u00e9volution, c'est l'av\u00e8nement des peuples&nbsp;; et, au fond, le Peuple, c\u2019est l\u2019Homme.<br><\/h2>\t\t\t\t<\/div>\n\t\t\t\t<\/div>\n\t\t\t\t<div class=\"elementor-element elementor-element-baa7cd4 e-transform elementor-widget elementor-widget-heading\" data-id=\"baa7cd4\" data-element_type=\"widget\" data-e-type=\"widget\" data-settings=\"{&quot;_transform_flipX_effect&quot;:&quot;transform&quot;}\" data-widget_type=\"heading.default\">\n\t\t\t\t<div class=\"elementor-widget-container\">\n\t\t\t\t\t<div class=\"elementor-heading-title elementor-size-default\">\u201c<\/div>\t\t\t\t<\/div>\n\t\t\t\t<\/div>\n\t\t\t\t<div class=\"elementor-element elementor-element-f760621 elementor-widget elementor-widget-heading\" data-id=\"f760621\" data-element_type=\"widget\" data-e-type=\"widget\" data-widget_type=\"heading.default\">\n\t\t\t\t<div class=\"elementor-widget-container\">\n\t\t\t\t\t<h5 class=\"elementor-heading-title elementor-size-default\">Victor Hugo<\/h5>\t\t\t\t<\/div>\n\t\t\t\t<\/div>\n\t\t\t\t\t<\/div>\n\t\t<\/div>\n\t\t\t\t\t<\/div>\n\t\t<\/section>\n\t\t\t\t<section class=\"elementor-section elementor-top-section elementor-element elementor-element-1bb8162 elementor-section-boxed elementor-section-height-default elementor-section-height-default\" data-id=\"1bb8162\" data-element_type=\"section\" data-e-type=\"section\">\n\t\t\t\t\t\t<div class=\"elementor-container elementor-column-gap-no\">\n\t\t\t\t\t<div class=\"elementor-column elementor-col-100 elementor-top-column elementor-element elementor-element-487eee8\" data-id=\"487eee8\" data-element_type=\"column\" data-e-type=\"column\">\n\t\t\t<div class=\"elementor-widget-wrap elementor-element-populated\">\n\t\t\t\t\t\t<section class=\"elementor-section elementor-inner-section elementor-element elementor-element-22e3c1c elementor-section-boxed elementor-section-height-default elementor-section-height-default\" data-id=\"22e3c1c\" data-element_type=\"section\" data-e-type=\"section\">\n\t\t\t\t\t\t<div class=\"elementor-container elementor-column-gap-no\">\n\t\t\t\t\t<div class=\"elementor-column elementor-col-50 elementor-inner-column elementor-element elementor-element-378d1ef\" data-id=\"378d1ef\" data-element_type=\"column\" data-e-type=\"column\">\n\t\t\t<div class=\"elementor-widget-wrap elementor-element-populated\">\n\t\t\t\t\t\t<div class=\"elementor-element elementor-element-ee870de elementor-widget elementor-widget-heading\" data-id=\"ee870de\" data-element_type=\"widget\" data-e-type=\"widget\" data-widget_type=\"heading.default\">\n\t\t\t\t<div class=\"elementor-widget-container\">\n\t\t\t\t\t<div class=\"elementor-heading-title elementor-size-default\">\u201c<\/div>\t\t\t\t<\/div>\n\t\t\t\t<\/div>\n\t\t\t\t<div class=\"elementor-element elementor-element-6d8cd1e elementor-widget elementor-widget-heading\" data-id=\"6d8cd1e\" data-element_type=\"widget\" data-e-type=\"widget\" data-widget_type=\"heading.default\">\n\t\t\t\t<div class=\"elementor-widget-container\">\n\t\t\t\t\t<div class=\"elementor-heading-title elementor-size-default\">Tim is dolor ipsum leo enim amet purus orci, cras donec neque velit maecenas sit adipiscing eu morbi cras eu mi, risus sapien pretium pellentesque arcu.<\/div>\t\t\t\t<\/div>\n\t\t\t\t<\/div>\n\t\t\t\t<div class=\"elementor-element elementor-element-e940f82 elementor-widget elementor-widget-heading\" data-id=\"e940f82\" data-element_type=\"widget\" data-e-type=\"widget\" data-widget_type=\"heading.default\">\n\t\t\t\t<div class=\"elementor-widget-container\">\n\t\t\t\t\t<h5 class=\"elementor-heading-title elementor-size-default\">Sean Paul, Director<\/h5>\t\t\t\t<\/div>\n\t\t\t\t<\/div>\n\t\t\t\t\t<\/div>\n\t\t<\/div>\n\t\t\t\t<div class=\"elementor-column elementor-col-50 elementor-inner-column elementor-element elementor-element-7a1e658\" data-id=\"7a1e658\" data-element_type=\"column\" data-e-type=\"column\">\n\t\t\t<div class=\"elementor-widget-wrap elementor-element-populated\">\n\t\t\t\t\t\t<div class=\"elementor-element elementor-element-9f30fff elementor-widget elementor-widget-heading\" data-id=\"9f30fff\" data-element_type=\"widget\" data-e-type=\"widget\" data-widget_type=\"heading.default\">\n\t\t\t\t<div class=\"elementor-widget-container\">\n\t\t\t\t\t<div class=\"elementor-heading-title elementor-size-default\">\u201c<\/div>\t\t\t\t<\/div>\n\t\t\t\t<\/div>\n\t\t\t\t<div class=\"elementor-element elementor-element-9f42e6f elementor-widget elementor-widget-heading\" data-id=\"9f42e6f\" data-element_type=\"widget\" data-e-type=\"widget\" data-widget_type=\"heading.default\">\n\t\t\t\t<div class=\"elementor-widget-container\">\n\t\t\t\t\t<div class=\"elementor-heading-title elementor-size-default\">Lectus at purus placerat bibendum auctor viverra sit volutpat semper aenean sagittis, lacinia faucibus diam aliquam.<\/div>\t\t\t\t<\/div>\n\t\t\t\t<\/div>\n\t\t\t\t<div class=\"elementor-element elementor-element-65cbcd8 elementor-widget elementor-widget-heading\" data-id=\"65cbcd8\" data-element_type=\"widget\" data-e-type=\"widget\" data-widget_type=\"heading.default\">\n\t\t\t\t<div class=\"elementor-widget-container\">\n\t\t\t\t\t<h5 class=\"elementor-heading-title elementor-size-default\">Anthony Rodgers, Manager<\/h5>\t\t\t\t<\/div>\n\t\t\t\t<\/div>\n\t\t\t\t\t<\/div>\n\t\t<\/div>\n\t\t\t\t\t<\/div>\n\t\t<\/section>\n\t\t\t\t\t<\/div>\n\t\t<\/div>\n\t\t\t\t\t<\/div>\n\t\t<\/section>\n\t\t\t\t<\/div>\n\t\t","protected":false},"excerpt":{"rendered":"<p>A propos \u201c La r\u00e9volution est une forme du ph\u00e9nom\u00e8ne immanent qui nous presse de toutes parts et que nous appelons la N\u00e9cessit\u00e9. (&#8230;) Au-dessus des r\u00e9volutions la v\u00e9rit\u00e9 et la justice demeurent comme le ciel \u00e9toil\u00e9 au-dessus des temp\u00eates. \u201c Victor Hugo Ce blog est le guide sur la R\u00e9volution fran\u00e7aise que j&#8217;aurai aim\u00e9 [&hellip;]<\/p>\n","protected":false},"author":1,"featured_media":0,"parent":0,"menu_order":0,"comment_status":"closed","ping_status":"closed","template":"","meta":{"site-sidebar-layout":"no-sidebar","site-content-layout":"page-builder","ast-site-content-layout":"default","site-content-style":"default","site-sidebar-style":"default","ast-global-header-display":"","ast-banner-title-visibility":"","ast-main-header-display":"","ast-hfb-above-header-display":"","ast-hfb-below-header-display":"","ast-hfb-mobile-header-display":"","site-post-title":"disabled","ast-breadcrumbs-content":"disabled","ast-featured-img":"disabled","footer-sml-layout":"","ast-disable-related-posts":"","theme-transparent-header-meta":"enabled","adv-header-id-meta":"","stick-header-meta":"","header-above-stick-meta":"","header-main-stick-meta":"","header-below-stick-meta":"","astra-migrate-meta-layouts":"default","ast-page-background-enabled":"default","ast-page-background-meta":{"desktop":{"background-color":"","background-image":"","background-repeat":"repeat","background-position":"center center","background-size":"auto","background-attachment":"scroll","background-type":"","background-media":"","overlay-type":"","overlay-color":"","overlay-opacity":"","overlay-gradient":""},"tablet":{"background-color":"","background-image":"","background-repeat":"repeat","background-position":"center center","background-size":"auto","background-attachment":"scroll","background-type":"","background-media":"","overlay-type":"","overlay-color":"","overlay-opacity":"","overlay-gradient":""},"mobile":{"background-color":"","background-image":"","background-repeat":"repeat","background-position":"center center","background-size":"auto","background-attachment":"scroll","background-type":"","background-media":"","overlay-type":"","overlay-color":"","overlay-opacity":"","overlay-gradient":""}},"ast-content-background-meta":{"desktop":{"background-color":"var(--ast-global-color-5)","background-image":"","background-repeat":"repeat","background-position":"center center","background-size":"auto","background-attachment":"scroll","background-type":"","background-media":"","overlay-type":"","overlay-color":"","overlay-opacity":"","overlay-gradient":""},"tablet":{"background-color":"var(--ast-global-color-5)","background-image":"","background-repeat":"repeat","background-position":"center center","background-size":"auto","background-attachment":"scroll","background-type":"","background-media":"","overlay-type":"","overlay-color":"","overlay-opacity":"","overlay-gradient":""},"mobile":{"background-color":"var(--ast-global-color-5)","background-image":"","background-repeat":"repeat","background-position":"center center","background-size":"auto","background-attachment":"scroll","background-type":"","background-media":"","overlay-type":"","overlay-color":"","overlay-opacity":"","overlay-gradient":""}},"footnotes":""},"class_list":["post-494","page","type-page","status-publish","hentry"],"_links":{"self":[{"href":"https:\/\/thelongfrenchrevolution.com\/index.php?rest_route=\/wp\/v2\/pages\/494","targetHints":{"allow":["GET"]}}],"collection":[{"href":"https:\/\/thelongfrenchrevolution.com\/index.php?rest_route=\/wp\/v2\/pages"}],"about":[{"href":"https:\/\/thelongfrenchrevolution.com\/index.php?rest_route=\/wp\/v2\/types\/page"}],"author":[{"embeddable":true,"href":"https:\/\/thelongfrenchrevolution.com\/index.php?rest_route=\/wp\/v2\/users\/1"}],"replies":[{"embeddable":true,"href":"https:\/\/thelongfrenchrevolution.com\/index.php?rest_route=%2Fwp%2Fv2%2Fcomments&post=494"}],"version-history":[{"count":165,"href":"https:\/\/thelongfrenchrevolution.com\/index.php?rest_route=\/wp\/v2\/pages\/494\/revisions"}],"predecessor-version":[{"id":3462,"href":"https:\/\/thelongfrenchrevolution.com\/index.php?rest_route=\/wp\/v2\/pages\/494\/revisions\/3462"}],"wp:attachment":[{"href":"https:\/\/thelongfrenchrevolution.com\/index.php?rest_route=%2Fwp%2Fv2%2Fmedia&parent=494"}],"curies":[{"name":"wp","href":"https:\/\/api.w.org\/{rel}","templated":true}]}}